{"id":15,"date":"2026-01-28T12:45:28","date_gmt":"2026-01-28T11:45:28","guid":{"rendered":"https:\/\/global-lighting.hypergroup.tn\/?page_id=15"},"modified":"2026-04-21T17:47:41","modified_gmt":"2026-04-21T15:47:41","slug":"a-propos","status":"publish","type":"page","link":"https:\/\/global-lighting.com.tn\/en\/a-propos\/","title":{"rendered":"About us"},"content":{"rendered":"<div data-elementor-type=\"wp-page\" data-elementor-id=\"15\" class=\"elementor elementor-15\" data-elementor-post-type=\"page\">\n\t\t\t\t<div class=\"elementor-element elementor-element-0c28fbb e-con-full e-flex e-con e-parent\" data-id=\"0c28fbb\" data-element_type=\"container\" data-e-type=\"container\" data-settings=\"{&quot;background_background&quot;:&quot;classic&quot;}\">\n\t\t\t\t<div class=\"elementor-element elementor-element-90f284c elementor-widget elementor-widget-heading\" data-id=\"90f284c\" data-element_type=\"widget\" data-e-type=\"widget\" data-widget_type=\"heading.default\">\n\t\t\t\t\t<h1 class=\"elementor-heading-title elementor-size-default\">About us<\/h1>\t\t\t\t<\/div>\n\t\t\t\t<\/div>\n\t\t<div class=\"elementor-element elementor-element-6f98011 e-con-full e-flex e-con e-parent\" data-id=\"6f98011\" data-element_type=\"container\" data-e-type=\"container\" data-settings=\"{&quot;background_background&quot;:&quot;classic&quot;}\">\n\t\t<div class=\"elementor-element elementor-element-b35e110 e-con-full e-flex e-con e-child\" data-id=\"b35e110\" data-element_type=\"container\" data-e-type=\"container\">\n\t\t\t\t<div class=\"elementor-element elementor-element-ee2fed6 elementor-widget elementor-widget-heading\" data-id=\"ee2fed6\" data-element_type=\"widget\" data-e-type=\"widget\" data-widget_type=\"heading.default\">\n\t\t\t\t\t<h2 class=\"elementor-heading-title elementor-size-default\">Who are we?<\/h2>\t\t\t\t<\/div>\n\t\t\t\t<div class=\"elementor-element elementor-element-92f59b2 elementor-widget elementor-widget-text-editor\" data-id=\"92f59b2\" data-element_type=\"widget\" data-e-type=\"widget\" data-widget_type=\"text-editor.default\">\n\t\t\t\t\t\t\t\t\t<p>Global Lighting Tunisie is an industrial company specializing in the design and manufacturing of LED lighting solutions.<\/p><p>Built on years of experience, the company relies on a structured industrial organization and strong technical expertise to develop reliable, high-performance products.<\/p><p>Our approach is driven by a deep understanding of lighting applications and marketexpectations.<\/p><p>Global Lighting Tunisie continuously evolves with LED technologies to deliver modern, durable solutions for residential, commercial, and industrial environments.<\/p>\t\t\t\t\t\t\t\t<\/div>\n\t\t\t\t<\/div>\n\t\t<div class=\"elementor-element elementor-element-1679af0 e-con-full e-flex e-con e-child\" data-id=\"1679af0\" data-element_type=\"container\" data-e-type=\"container\">\n\t\t\t\t<div class=\"elementor-element elementor-element-5be1d8e elementor-widget elementor-widget-video\" data-id=\"5be1d8e\" data-element_type=\"widget\" data-e-type=\"widget\" data-settings=\"{&quot;video_type&quot;:&quot;hosted&quot;,&quot;controls&quot;:&quot;yes&quot;}\" data-widget_type=\"video.default\">\n\t\t\t\t\t\t\t<div class=\"e-hosted-video elementor-wrapper elementor-open-inline\">\n\t\t\t\t\t<video class=\"elementor-video\" src=\"https:\/\/global-lighting.com.tn\/wp-content\/uploads\/2026\/04\/draft-06-final.mp4\" controls=\"\" preload=\"metadata\" controlslist=\"nodownload\"><\/video>\n\t\t\t\t<\/div>\n\t\t\t\t\t\t<\/div>\n\t\t\t\t<\/div>\n\t\t\t\t<\/div>\n\t\t\t\t<\/div>","protected":false},"excerpt":{"rendered":"<p>Qui sommes-nous ? Global Lighting Tunisie est une entreprise industrielle sp\u00e9cialis\u00e9e dans la conception et la fabrication de solutions d\u2019\u00e9clairage LED. Forte d\u2019une expertise construite au fil des ann\u00e9es, l\u2019entreprise s\u2019appuie sur une organisation industrielle structur\u00e9e et une ma\u00eetrise technique solide pour d\u00e9velopper des produits fiables et performants. Notre d\u00e9marche repose sur une compr\u00e9hension approfondie [&hellip;]<\/p>\n","protected":false},"author":1,"featured_media":0,"parent":0,"menu_order":0,"comment_status":"closed","ping_status":"closed","template":"elementor_header_footer","meta":{"_acf_changed":false,"footnotes":""},"class_list":["post-15","page","type-page","status-publish","hentry"],"acf":[],"yoast_head":"<!-- This site is optimized with the Yoast SEO plugin v27.4 - https:\/\/yoast.com\/product\/yoast-seo-wordpress\/ -->\n<title>A propos - Global lighting<\/title>\n<meta name=\"robots\" content=\"index, follow, max-snippet:-1, max-image-preview:large, max-video-preview:-1\" \/>\n<link rel=\"canonical\" href=\"https:\/\/global-lighting.com.tn\/en\/a-propos\/\" \/>\n<meta property=\"og:locale\" content=\"en_US\" \/>\n<meta property=\"og:type\" content=\"article\" \/>\n<meta property=\"og:title\" content=\"A propos - Global lighting\" \/>\n<meta property=\"og:description\" content=\"Qui sommes-nous ? Global Lighting Tunisie est une entreprise industrielle sp\u00e9cialis\u00e9e dans la conception et la fabrication de solutions d\u2019\u00e9clairage LED. Forte d\u2019une expertise construite au fil des ann\u00e9es, l\u2019entreprise s\u2019appuie sur une organisation industrielle structur\u00e9e et une ma\u00eetrise technique solide pour d\u00e9velopper des produits fiables et performants. Notre d\u00e9marche repose sur une compr\u00e9hension approfondie [&hellip;]\" \/>\n<meta property=\"og:url\" content=\"https:\/\/global-lighting.com.tn\/en\/a-propos\/\" \/>\n<meta property=\"og:site_name\" content=\"Global lighting\" \/>\n<meta property=\"article:modified_time\" content=\"2026-04-21T15:47:41+00:00\" \/>\n<meta name=\"twitter:card\" content=\"summary_large_image\" \/>\n<meta name=\"twitter:label1\" content=\"Est. reading time\" \/>\n\t<meta name=\"twitter:data1\" content=\"1 minute\" \/>\n<script type=\"application\/ld+json\" class=\"yoast-schema-graph\">{\"@context\":\"https:\\\/\\\/schema.org\",\"@graph\":[{\"@type\":\"WebPage\",\"@id\":\"https:\\\/\\\/global-lighting.com.tn\\\/a-propos\\\/\",\"url\":\"https:\\\/\\\/global-lighting.com.tn\\\/a-propos\\\/\",\"name\":\"A propos - Global lighting\",\"isPartOf\":{\"@id\":\"https:\\\/\\\/global-lighting.com.tn\\\/#website\"},\"datePublished\":\"2026-01-28T11:45:28+00:00\",\"dateModified\":\"2026-04-21T15:47:41+00:00\",\"breadcrumb\":{\"@id\":\"https:\\\/\\\/global-lighting.com.tn\\\/a-propos\\\/#breadcrumb\"},\"inLanguage\":\"en-US\",\"potentialAction\":[{\"@type\":\"ReadAction\",\"target\":[\"https:\\\/\\\/global-lighting.com.tn\\\/a-propos\\\/\"]}]},{\"@type\":\"BreadcrumbList\",\"@id\":\"https:\\\/\\\/global-lighting.com.tn\\\/a-propos\\\/#breadcrumb\",\"itemListElement\":[{\"@type\":\"ListItem\",\"position\":1,\"name\":\"Accueil\",\"item\":\"https:\\\/\\\/global-lighting.com.tn\\\/\"},{\"@type\":\"ListItem\",\"position\":2,\"name\":\"A propos\"}]},{\"@type\":\"WebSite\",\"@id\":\"https:\\\/\\\/global-lighting.com.tn\\\/#website\",\"url\":\"https:\\\/\\\/global-lighting.com.tn\\\/\",\"name\":\"Global lighting\",\"description\":\"\",\"publisher\":{\"@id\":\"https:\\\/\\\/global-lighting.com.tn\\\/#organization\"},\"potentialAction\":[{\"@type\":\"SearchAction\",\"target\":{\"@type\":\"EntryPoint\",\"urlTemplate\":\"https:\\\/\\\/global-lighting.com.tn\\\/?s={search_term_string}\"},\"query-input\":{\"@type\":\"PropertyValueSpecification\",\"valueRequired\":true,\"valueName\":\"search_term_string\"}}],\"inLanguage\":\"en-US\"},{\"@type\":\"Organization\",\"@id\":\"https:\\\/\\\/global-lighting.com.tn\\\/#organization\",\"name\":\"Global lighting\",\"url\":\"https:\\\/\\\/global-lighting.com.tn\\\/\",\"logo\":{\"@type\":\"ImageObject\",\"inLanguage\":\"en-US\",\"@id\":\"https:\\\/\\\/global-lighting.com.tn\\\/#\\\/schema\\\/logo\\\/image\\\/\",\"url\":\"https:\\\/\\\/global-lighting.com.tn\\\/wp-content\\\/uploads\\\/2026\\\/01\\\/logo-global-lighting-final.png\",\"contentUrl\":\"https:\\\/\\\/global-lighting.com.tn\\\/wp-content\\\/uploads\\\/2026\\\/01\\\/logo-global-lighting-final.png\",\"width\":326,\"height\":85,\"caption\":\"Global lighting\"},\"image\":{\"@id\":\"https:\\\/\\\/global-lighting.com.tn\\\/#\\\/schema\\\/logo\\\/image\\\/\"}}]}<\/script>\n<!-- \/ Yoast SEO plugin. -->","yoast_head_json":{"title":"A propos - Global lighting","robots":{"index":"index","follow":"follow","max-snippet":"max-snippet:-1","max-image-preview":"max-image-preview:large","max-video-preview":"max-video-preview:-1"},"canonical":"https:\/\/global-lighting.com.tn\/en\/a-propos\/","og_locale":"en_US","og_type":"article","og_title":"A propos - Global lighting","og_description":"Qui sommes-nous ? Global Lighting Tunisie est une entreprise industrielle sp\u00e9cialis\u00e9e dans la conception et la fabrication de solutions d\u2019\u00e9clairage LED. Forte d\u2019une expertise construite au fil des ann\u00e9es, l\u2019entreprise s\u2019appuie sur une organisation industrielle structur\u00e9e et une ma\u00eetrise technique solide pour d\u00e9velopper des produits fiables et performants. Notre d\u00e9marche repose sur une compr\u00e9hension approfondie [&hellip;]","og_url":"https:\/\/global-lighting.com.tn\/en\/a-propos\/","og_site_name":"Global lighting","article_modified_time":"2026-04-21T15:47:41+00:00","twitter_card":"summary_large_image","twitter_misc":{"Est. reading time":"1 minute"},"schema":{"@context":"https:\/\/schema.org","@graph":[{"@type":"WebPage","@id":"https:\/\/global-lighting.com.tn\/a-propos\/","url":"https:\/\/global-lighting.com.tn\/a-propos\/","name":"A propos - Global lighting","isPartOf":{"@id":"https:\/\/global-lighting.com.tn\/#website"},"datePublished":"2026-01-28T11:45:28+00:00","dateModified":"2026-04-21T15:47:41+00:00","breadcrumb":{"@id":"https:\/\/global-lighting.com.tn\/a-propos\/#breadcrumb"},"inLanguage":"en-US","potentialAction":[{"@type":"ReadAction","target":["https:\/\/global-lighting.com.tn\/a-propos\/"]}]},{"@type":"BreadcrumbList","@id":"https:\/\/global-lighting.com.tn\/a-propos\/#breadcrumb","itemListElement":[{"@type":"ListItem","position":1,"name":"Accueil","item":"https:\/\/global-lighting.com.tn\/"},{"@type":"ListItem","position":2,"name":"A propos"}]},{"@type":"WebSite","@id":"https:\/\/global-lighting.com.tn\/#website","url":"https:\/\/global-lighting.com.tn\/","name":"Global lighting","description":"","publisher":{"@id":"https:\/\/global-lighting.com.tn\/#organization"},"potentialAction":[{"@type":"SearchAction","target":{"@type":"EntryPoint","urlTemplate":"https:\/\/global-lighting.com.tn\/?s={search_term_string}"},"query-input":{"@type":"PropertyValueSpecification","valueRequired":true,"valueName":"search_term_string"}}],"inLanguage":"en-US"},{"@type":"Organization","@id":"https:\/\/global-lighting.com.tn\/#organization","name":"Global lighting","url":"https:\/\/global-lighting.com.tn\/","logo":{"@type":"ImageObject","inLanguage":"en-US","@id":"https:\/\/global-lighting.com.tn\/#\/schema\/logo\/image\/","url":"https:\/\/global-lighting.com.tn\/wp-content\/uploads\/2026\/01\/logo-global-lighting-final.png","contentUrl":"https:\/\/global-lighting.com.tn\/wp-content\/uploads\/2026\/01\/logo-global-lighting-final.png","width":326,"height":85,"caption":"Global lighting"},"image":{"@id":"https:\/\/global-lighting.com.tn\/#\/schema\/logo\/image\/"}}]}},"_links":{"self":[{"href":"https:\/\/global-lighting.com.tn\/en\/wp-json\/wp\/v2\/pages\/15","targetHints":{"allow":["GET"]}}],"collection":[{"href":"https:\/\/global-lighting.com.tn\/en\/wp-json\/wp\/v2\/pages"}],"about":[{"href":"https:\/\/global-lighting.com.tn\/en\/wp-json\/wp\/v2\/types\/page"}],"author":[{"embeddable":true,"href":"https:\/\/global-lighting.com.tn\/en\/wp-json\/wp\/v2\/users\/1"}],"replies":[{"embeddable":true,"href":"https:\/\/global-lighting.com.tn\/en\/wp-json\/wp\/v2\/comments?post=15"}],"version-history":[{"count":94,"href":"https:\/\/global-lighting.com.tn\/en\/wp-json\/wp\/v2\/pages\/15\/revisions"}],"predecessor-version":[{"id":1259,"href":"https:\/\/global-lighting.com.tn\/en\/wp-json\/wp\/v2\/pages\/15\/revisions\/1259"}],"wp:attachment":[{"href":"https:\/\/global-lighting.com.tn\/en\/wp-json\/wp\/v2\/media?parent=15"}],"curies":[{"name":"wp","href":"https:\/\/api.w.org\/{rel}","templated":true}]}}