{"id":31,"date":"2026-01-29T09:58:04","date_gmt":"2026-01-29T08:58:04","guid":{"rendered":"https:\/\/global-lighting.hypergroup.tn\/?page_id=31"},"modified":"2026-04-22T11:00:39","modified_gmt":"2026-04-22T09:00:39","slug":"solutions","status":"publish","type":"page","link":"https:\/\/global-lighting.com.tn\/en\/solutions\/","title":{"rendered":"Solutions"},"content":{"rendered":"<div data-elementor-type=\"wp-page\" data-elementor-id=\"31\" class=\"elementor elementor-31\" data-elementor-post-type=\"page\">\n\t\t\t\t<div class=\"elementor-element elementor-element-98d4ece e-con-full e-flex e-con e-parent\" data-id=\"98d4ece\" data-element_type=\"container\" data-e-type=\"container\" data-settings=\"{&quot;background_background&quot;:&quot;classic&quot;}\">\n\t\t\t\t<div class=\"elementor-element elementor-element-8f0975c elementor-widget elementor-widget-heading\" data-id=\"8f0975c\" data-element_type=\"widget\" data-e-type=\"widget\" data-widget_type=\"heading.default\">\n\t\t\t\t\t<h1 class=\"elementor-heading-title elementor-size-default\">Solutions<\/h1>\t\t\t\t<\/div>\n\t\t\t\t<\/div>\n\t\t<div class=\"elementor-element elementor-element-3705335 e-flex e-con-boxed e-con e-parent\" data-id=\"3705335\" data-element_type=\"container\" data-e-type=\"container\" data-settings=\"{&quot;background_background&quot;:&quot;classic&quot;}\">\n\t\t\t\t\t<div class=\"e-con-inner\">\n\t\t\t\t<div class=\"elementor-element elementor-element-81e1939 elementor-widget__width-initial elementor-widget elementor-widget-heading\" data-id=\"81e1939\" data-element_type=\"widget\" data-e-type=\"widget\" data-widget_type=\"heading.default\">\n\t\t\t\t\t<h2 class=\"elementor-heading-title elementor-size-default\">Professional solutions<\/h2>\t\t\t\t<\/div>\n\t\t\t\t\t<\/div>\n\t\t\t\t<\/div>\n\t\t<div class=\"elementor-element elementor-element-af7cb7c e-flex e-con-boxed e-con e-parent\" data-id=\"af7cb7c\" data-element_type=\"container\" data-e-type=\"container\" data-settings=\"{&quot;background_background&quot;:&quot;classic&quot;}\">\n\t\t\t\t\t<div class=\"e-con-inner\">\n\t\t<div class=\"elementor-element elementor-element-2347b49 e-con-full e-flex e-con e-child\" data-id=\"2347b49\" data-element_type=\"container\" data-e-type=\"container\">\n\t\t\t\t<div class=\"elementor-element elementor-element-602b6d3 elementor-widget elementor-widget-text-editor\" data-id=\"602b6d3\" data-element_type=\"widget\" data-e-type=\"widget\" data-widget_type=\"text-editor.default\">\n\t\t\t\t\t\t\t\t\t<p>Our solutions are primarily dedicated to B2B clients, including: \nProject developers \nProfessional distributors \nIntegrators and engineering offices \nCustomers requiring tailored LED solutions \nWe work closely with our partners to deliver reliable, high-performance LED products \nadapted to each application.<\/p>\t\t\t\t\t\t\t\t<\/div>\n\t\t\t\t<\/div>\n\t\t<div class=\"elementor-element elementor-element-bd6ebc7 e-con-full e-flex e-con e-child\" data-id=\"bd6ebc7\" data-element_type=\"container\" data-e-type=\"container\">\n\t\t\t\t<div class=\"elementor-element elementor-element-8cf53ca elementor-widget elementor-widget-image\" data-id=\"8cf53ca\" data-element_type=\"widget\" data-e-type=\"widget\" data-widget_type=\"image.default\">\n\t\t\t\t\t\t\t\t\t\t\t\t\t\t\t<img fetchpriority=\"high\" decoding=\"async\" width=\"800\" height=\"534\" src=\"https:\/\/global-lighting.com.tn\/wp-content\/uploads\/2026\/04\/solution-pro-1024x683.png\" class=\"attachment-large size-large wp-image-718\" alt=\"\" srcset=\"https:\/\/global-lighting.com.tn\/wp-content\/uploads\/2026\/04\/solution-pro-1024x683.png 1024w, https:\/\/global-lighting.com.tn\/wp-content\/uploads\/2026\/04\/solution-pro-300x200.png 300w, https:\/\/global-lighting.com.tn\/wp-content\/uploads\/2026\/04\/solution-pro-768x512.png 768w, https:\/\/global-lighting.com.tn\/wp-content\/uploads\/2026\/04\/solution-pro.png 1536w\" sizes=\"(max-width: 800px) 100vw, 800px\" \/>\t\t\t\t\t\t\t\t\t\t\t\t\t\t\t<\/div>\n\t\t\t\t<\/div>\n\t\t\t\t\t<\/div>\n\t\t\t\t<\/div>\n\t\t<div class=\"elementor-element elementor-element-e024fe3 e-flex e-con-boxed e-con e-parent\" data-id=\"e024fe3\" data-element_type=\"container\" data-e-type=\"container\" data-settings=\"{&quot;background_background&quot;:&quot;classic&quot;}\">\n\t\t\t\t\t<div class=\"e-con-inner\">\n\t\t\t\t<div class=\"elementor-element elementor-element-17117ba elementor-widget__width-initial elementor-widget elementor-widget-heading\" data-id=\"17117ba\" data-element_type=\"widget\" data-e-type=\"widget\" data-widget_type=\"heading.default\">\n\t\t\t\t\t<h2 class=\"elementor-heading-title elementor-size-default\">LED Solutions Developed According to Project Requirements<\/h2>\t\t\t\t<\/div>\n\t\t\t\t\t<\/div>\n\t\t\t\t<\/div>\n\t\t<div class=\"elementor-element elementor-element-3b1cb83 e-flex e-con-boxed e-con e-parent\" data-id=\"3b1cb83\" data-element_type=\"container\" data-e-type=\"container\" data-settings=\"{&quot;background_background&quot;:&quot;classic&quot;}\">\n\t\t\t\t\t<div class=\"e-con-inner\">\n\t\t<div class=\"elementor-element elementor-element-8e79e6a e-con-full e-flex e-con e-child\" data-id=\"8e79e6a\" data-element_type=\"container\" data-e-type=\"container\">\n\t\t\t\t<div class=\"elementor-element elementor-element-13a78cc elementor-widget elementor-widget-video\" data-id=\"13a78cc\" data-element_type=\"widget\" data-e-type=\"widget\" data-settings=\"{&quot;youtube_url&quot;:&quot;https:\\\/\\\/youtu.be\\\/pByAXKQxcfk&quot;,&quot;video_type&quot;:&quot;youtube&quot;,&quot;controls&quot;:&quot;yes&quot;}\" data-widget_type=\"video.default\">\n\t\t\t\t\t\t\t<div class=\"elementor-wrapper elementor-open-inline\">\n\t\t\t<div class=\"elementor-video\"><\/div>\t\t<\/div>\n\t\t\t\t\t\t<\/div>\n\t\t\t\t<\/div>\n\t\t<div class=\"elementor-element elementor-element-e8efc05 e-con-full e-flex e-con e-child\" data-id=\"e8efc05\" data-element_type=\"container\" data-e-type=\"container\">\n\t\t\t\t<div class=\"elementor-element elementor-element-a1346ad elementor-widget elementor-widget-text-editor\" data-id=\"a1346ad\" data-element_type=\"widget\" data-e-type=\"widget\" data-widget_type=\"text-editor.default\">\n\t\t\t\t\t\t\t\t\t<p>At Global Lighting Tunisie, we develop LED lighting solutions tailored to the technical, \nregulatory, and functional requirements defined for each project. \nThanks to our industrial expertise and fully integrated SMT production line, we are \ninvolved from the design phase, allowing us to adjust the electrical, photometric, and \nmechanical characteristics of our products according to our clients\u2019 specifications. \nDepending on project requirements, we can develop high-efficiency lighting solutions \nreaching up to 210 lm\/W, with precise component dimensioning and performance \nvalidation prior to production launch.<br \/>Gr\u00e2ce \u00e0 notre ma\u00eetrise industrielle et \u00e0 notre cha\u00eene de production SMT int\u00e9gr\u00e9e, nous intervenons d\u00e8s la phase de conception afin d\u2019ajuster les caract\u00e9ristiques \u00e9lectriques, lumineuses et m\u00e9caniques de nos produits selon les besoins de nos clients.<br \/>Selon les sp\u00e9cifications du projet, nous pouvons d\u00e9velopper des solutions \u00e0 haute efficacit\u00e9 lumineuse pouvant atteindre jusqu\u2019\u00e0 210 lm\/W, avec un dimensionnement pr\u00e9cis des composants et des performances valid\u00e9es avant mise en production.<\/p>\t\t\t\t\t\t\t\t<\/div>\n\t\t\t\t<\/div>\n\t\t\t\t\t<\/div>\n\t\t\t\t<\/div>\n\t\t<div class=\"elementor-element elementor-element-e9e7c9e e-flex e-con-boxed e-con e-parent\" data-id=\"e9e7c9e\" data-element_type=\"container\" data-e-type=\"container\" data-settings=\"{&quot;background_background&quot;:&quot;classic&quot;}\">\n\t\t\t\t\t<div class=\"e-con-inner\">\n\t\t\t\t<div class=\"elementor-element elementor-element-e3d663d elementor-widget elementor-widget-text-editor\" data-id=\"e3d663d\" data-element_type=\"widget\" data-e-type=\"widget\" data-widget_type=\"text-editor.default\">\n\t\t\t\t\t\t\t\t\t<p><strong>Compliance with Market Regulatory Requirements<\/strong><\/p><p>We design and manufacture LED solutions in full compliance with the technical and \nregulatory requirements of the markets in which we operate.This approach enables us to:<\/p><ul><li>Meet local safety and performance standards<\/li><li>Adapt electrical and functional specifications<\/li><li>Support projects requiring country-specific compliance<\/li><li>Each product is developed based on defined technical specifications prior to \nmanufacturing, then tested and validated before being released into production.<\/li><\/ul>\t\t\t\t\t\t\t\t<\/div>\n\t\t\t\t\t<\/div>\n\t\t\t\t<\/div>\n\t\t\t\t<\/div>","protected":false},"excerpt":{"rendered":"<p>Solutions professionnelles Notre d\u00e9marche s\u2019adresse principalement aux clients B2B : Promoteurs et d\u00e9veloppeurs de projets Distributeurs professionnels Int\u00e9grateurs et bureaux d\u2019\u00e9tudes Clients n\u00e9cessitant des solutions LED sp\u00e9cifiques Nous travaillons en \u00e9troite collaboration avec nos partenaires afin de proposer des solutions fiables, performantes et parfaitement adapt\u00e9es aux contraintes de chaque application. Solutions adapt\u00e9es aux exigences des [&hellip;]<\/p>\n","protected":false},"author":1,"featured_media":0,"parent":0,"menu_order":0,"comment_status":"closed","ping_status":"closed","template":"elementor_header_footer","meta":{"_acf_changed":false,"footnotes":""},"class_list":["post-31","page","type-page","status-publish","hentry"],"acf":[],"yoast_head":"<!-- This site is optimized with the Yoast SEO plugin v27.4 - https:\/\/yoast.com\/product\/yoast-seo-wordpress\/ -->\n<title>Solutions - Global lighting<\/title>\n<meta name=\"robots\" content=\"index, follow, max-snippet:-1, max-image-preview:large, max-video-preview:-1\" \/>\n<link rel=\"canonical\" href=\"https:\/\/global-lighting.com.tn\/en\/solutions\/\" \/>\n<meta property=\"og:locale\" content=\"en_US\" \/>\n<meta property=\"og:type\" content=\"article\" \/>\n<meta property=\"og:title\" content=\"Solutions - Global lighting\" \/>\n<meta property=\"og:description\" content=\"Solutions professionnelles Notre d\u00e9marche s\u2019adresse principalement aux clients B2B : Promoteurs et d\u00e9veloppeurs de projets Distributeurs professionnels Int\u00e9grateurs et bureaux d\u2019\u00e9tudes Clients n\u00e9cessitant des solutions LED sp\u00e9cifiques Nous travaillons en \u00e9troite collaboration avec nos partenaires afin de proposer des solutions fiables, performantes et parfaitement adapt\u00e9es aux contraintes de chaque application. Solutions adapt\u00e9es aux exigences des [&hellip;]\" \/>\n<meta property=\"og:url\" content=\"https:\/\/global-lighting.com.tn\/en\/solutions\/\" \/>\n<meta property=\"og:site_name\" content=\"Global lighting\" \/>\n<meta property=\"article:modified_time\" content=\"2026-04-22T09:00:39+00:00\" \/>\n<meta property=\"og:image\" content=\"https:\/\/global-lighting.com.tn\/wp-content\/uploads\/2026\/04\/solution-pro-1024x683.png\" \/>\n\t<meta property=\"og:image:width\" content=\"1024\" \/>\n\t<meta property=\"og:image:height\" content=\"683\" \/>\n\t<meta property=\"og:image:type\" content=\"image\/png\" \/>\n<meta name=\"twitter:card\" content=\"summary_large_image\" \/>\n<meta name=\"twitter:label1\" content=\"Est. reading time\" \/>\n\t<meta name=\"twitter:data1\" content=\"2 minutes\" \/>\n<script type=\"application\/ld+json\" class=\"yoast-schema-graph\">{\"@context\":\"https:\\\/\\\/schema.org\",\"@graph\":[{\"@type\":\"WebPage\",\"@id\":\"https:\\\/\\\/global-lighting.com.tn\\\/solutions\\\/\",\"url\":\"https:\\\/\\\/global-lighting.com.tn\\\/solutions\\\/\",\"name\":\"Solutions - Global lighting\",\"isPartOf\":{\"@id\":\"https:\\\/\\\/global-lighting.com.tn\\\/#website\"},\"primaryImageOfPage\":{\"@id\":\"https:\\\/\\\/global-lighting.com.tn\\\/solutions\\\/#primaryimage\"},\"image\":{\"@id\":\"https:\\\/\\\/global-lighting.com.tn\\\/solutions\\\/#primaryimage\"},\"thumbnailUrl\":\"https:\\\/\\\/global-lighting.com.tn\\\/wp-content\\\/uploads\\\/2026\\\/04\\\/solution-pro-1024x683.png\",\"datePublished\":\"2026-01-29T08:58:04+00:00\",\"dateModified\":\"2026-04-22T09:00:39+00:00\",\"breadcrumb\":{\"@id\":\"https:\\\/\\\/global-lighting.com.tn\\\/solutions\\\/#breadcrumb\"},\"inLanguage\":\"en-US\",\"potentialAction\":[{\"@type\":\"ReadAction\",\"target\":[\"https:\\\/\\\/global-lighting.com.tn\\\/solutions\\\/\"]}]},{\"@type\":\"ImageObject\",\"inLanguage\":\"en-US\",\"@id\":\"https:\\\/\\\/global-lighting.com.tn\\\/solutions\\\/#primaryimage\",\"url\":\"https:\\\/\\\/global-lighting.com.tn\\\/wp-content\\\/uploads\\\/2026\\\/04\\\/solution-pro-1024x683.png\",\"contentUrl\":\"https:\\\/\\\/global-lighting.com.tn\\\/wp-content\\\/uploads\\\/2026\\\/04\\\/solution-pro-1024x683.png\"},{\"@type\":\"BreadcrumbList\",\"@id\":\"https:\\\/\\\/global-lighting.com.tn\\\/solutions\\\/#breadcrumb\",\"itemListElement\":[{\"@type\":\"ListItem\",\"position\":1,\"name\":\"Accueil\",\"item\":\"https:\\\/\\\/global-lighting.com.tn\\\/\"},{\"@type\":\"ListItem\",\"position\":2,\"name\":\"Solutions\"}]},{\"@type\":\"WebSite\",\"@id\":\"https:\\\/\\\/global-lighting.com.tn\\\/#website\",\"url\":\"https:\\\/\\\/global-lighting.com.tn\\\/\",\"name\":\"Global lighting\",\"description\":\"\",\"publisher\":{\"@id\":\"https:\\\/\\\/global-lighting.com.tn\\\/#organization\"},\"potentialAction\":[{\"@type\":\"SearchAction\",\"target\":{\"@type\":\"EntryPoint\",\"urlTemplate\":\"https:\\\/\\\/global-lighting.com.tn\\\/?s={search_term_string}\"},\"query-input\":{\"@type\":\"PropertyValueSpecification\",\"valueRequired\":true,\"valueName\":\"search_term_string\"}}],\"inLanguage\":\"en-US\"},{\"@type\":\"Organization\",\"@id\":\"https:\\\/\\\/global-lighting.com.tn\\\/#organization\",\"name\":\"Global lighting\",\"url\":\"https:\\\/\\\/global-lighting.com.tn\\\/\",\"logo\":{\"@type\":\"ImageObject\",\"inLanguage\":\"en-US\",\"@id\":\"https:\\\/\\\/global-lighting.com.tn\\\/#\\\/schema\\\/logo\\\/image\\\/\",\"url\":\"https:\\\/\\\/global-lighting.com.tn\\\/wp-content\\\/uploads\\\/2026\\\/01\\\/logo-global-lighting-final.png\",\"contentUrl\":\"https:\\\/\\\/global-lighting.com.tn\\\/wp-content\\\/uploads\\\/2026\\\/01\\\/logo-global-lighting-final.png\",\"width\":326,\"height\":85,\"caption\":\"Global lighting\"},\"image\":{\"@id\":\"https:\\\/\\\/global-lighting.com.tn\\\/#\\\/schema\\\/logo\\\/image\\\/\"}}]}<\/script>\n<!-- \/ Yoast SEO plugin. -->","yoast_head_json":{"title":"Solutions - Global lighting","robots":{"index":"index","follow":"follow","max-snippet":"max-snippet:-1","max-image-preview":"max-image-preview:large","max-video-preview":"max-video-preview:-1"},"canonical":"https:\/\/global-lighting.com.tn\/en\/solutions\/","og_locale":"en_US","og_type":"article","og_title":"Solutions - Global lighting","og_description":"Solutions professionnelles Notre d\u00e9marche s\u2019adresse principalement aux clients B2B : Promoteurs et d\u00e9veloppeurs de projets Distributeurs professionnels Int\u00e9grateurs et bureaux d\u2019\u00e9tudes Clients n\u00e9cessitant des solutions LED sp\u00e9cifiques Nous travaillons en \u00e9troite collaboration avec nos partenaires afin de proposer des solutions fiables, performantes et parfaitement adapt\u00e9es aux contraintes de chaque application. Solutions adapt\u00e9es aux exigences des [&hellip;]","og_url":"https:\/\/global-lighting.com.tn\/en\/solutions\/","og_site_name":"Global lighting","article_modified_time":"2026-04-22T09:00:39+00:00","og_image":[{"width":1024,"height":683,"url":"https:\/\/global-lighting.com.tn\/wp-content\/uploads\/2026\/04\/solution-pro-1024x683.png","type":"image\/png"}],"twitter_card":"summary_large_image","twitter_misc":{"Est. reading time":"2 minutes"},"schema":{"@context":"https:\/\/schema.org","@graph":[{"@type":"WebPage","@id":"https:\/\/global-lighting.com.tn\/solutions\/","url":"https:\/\/global-lighting.com.tn\/solutions\/","name":"Solutions - Global lighting","isPartOf":{"@id":"https:\/\/global-lighting.com.tn\/#website"},"primaryImageOfPage":{"@id":"https:\/\/global-lighting.com.tn\/solutions\/#primaryimage"},"image":{"@id":"https:\/\/global-lighting.com.tn\/solutions\/#primaryimage"},"thumbnailUrl":"https:\/\/global-lighting.com.tn\/wp-content\/uploads\/2026\/04\/solution-pro-1024x683.png","datePublished":"2026-01-29T08:58:04+00:00","dateModified":"2026-04-22T09:00:39+00:00","breadcrumb":{"@id":"https:\/\/global-lighting.com.tn\/solutions\/#breadcrumb"},"inLanguage":"en-US","potentialAction":[{"@type":"ReadAction","target":["https:\/\/global-lighting.com.tn\/solutions\/"]}]},{"@type":"ImageObject","inLanguage":"en-US","@id":"https:\/\/global-lighting.com.tn\/solutions\/#primaryimage","url":"https:\/\/global-lighting.com.tn\/wp-content\/uploads\/2026\/04\/solution-pro-1024x683.png","contentUrl":"https:\/\/global-lighting.com.tn\/wp-content\/uploads\/2026\/04\/solution-pro-1024x683.png"},{"@type":"BreadcrumbList","@id":"https:\/\/global-lighting.com.tn\/solutions\/#breadcrumb","itemListElement":[{"@type":"ListItem","position":1,"name":"Accueil","item":"https:\/\/global-lighting.com.tn\/"},{"@type":"ListItem","position":2,"name":"Solutions"}]},{"@type":"WebSite","@id":"https:\/\/global-lighting.com.tn\/#website","url":"https:\/\/global-lighting.com.tn\/","name":"Global lighting","description":"","publisher":{"@id":"https:\/\/global-lighting.com.tn\/#organization"},"potentialAction":[{"@type":"SearchAction","target":{"@type":"EntryPoint","urlTemplate":"https:\/\/global-lighting.com.tn\/?s={search_term_string}"},"query-input":{"@type":"PropertyValueSpecification","valueRequired":true,"valueName":"search_term_string"}}],"inLanguage":"en-US"},{"@type":"Organization","@id":"https:\/\/global-lighting.com.tn\/#organization","name":"Global lighting","url":"https:\/\/global-lighting.com.tn\/","logo":{"@type":"ImageObject","inLanguage":"en-US","@id":"https:\/\/global-lighting.com.tn\/#\/schema\/logo\/image\/","url":"https:\/\/global-lighting.com.tn\/wp-content\/uploads\/2026\/01\/logo-global-lighting-final.png","contentUrl":"https:\/\/global-lighting.com.tn\/wp-content\/uploads\/2026\/01\/logo-global-lighting-final.png","width":326,"height":85,"caption":"Global lighting"},"image":{"@id":"https:\/\/global-lighting.com.tn\/#\/schema\/logo\/image\/"}}]}},"_links":{"self":[{"href":"https:\/\/global-lighting.com.tn\/en\/wp-json\/wp\/v2\/pages\/31","targetHints":{"allow":["GET"]}}],"collection":[{"href":"https:\/\/global-lighting.com.tn\/en\/wp-json\/wp\/v2\/pages"}],"about":[{"href":"https:\/\/global-lighting.com.tn\/en\/wp-json\/wp\/v2\/types\/page"}],"author":[{"embeddable":true,"href":"https:\/\/global-lighting.com.tn\/en\/wp-json\/wp\/v2\/users\/1"}],"replies":[{"embeddable":true,"href":"https:\/\/global-lighting.com.tn\/en\/wp-json\/wp\/v2\/comments?post=31"}],"version-history":[{"count":94,"href":"https:\/\/global-lighting.com.tn\/en\/wp-json\/wp\/v2\/pages\/31\/revisions"}],"predecessor-version":[{"id":1343,"href":"https:\/\/global-lighting.com.tn\/en\/wp-json\/wp\/v2\/pages\/31\/revisions\/1343"}],"wp:attachment":[{"href":"https:\/\/global-lighting.com.tn\/en\/wp-json\/wp\/v2\/media?parent=31"}],"curies":[{"name":"wp","href":"https:\/\/api.w.org\/{rel}","templated":true}]}}